{"id":73,"date":"2019-08-16T05:54:31","date_gmt":"2019-08-16T03:54:31","guid":{"rendered":"http:\/\/www.kramp.com.de\/shop-de\/de\/?page_id=73"},"modified":"2019-08-16T06:06:28","modified_gmt":"2019-08-16T04:06:28","slug":"teilnahmebedingungen","status":"publish","type":"page","link":"http:\/\/www.krampacademy.org\/shop-de\/de\/teilnahmebedingungen\/","title":{"rendered":"Allgemeine Bedingungen und wichtige Hinweise der Kramp Academy"},"content":{"rendered":"\n<p><strong>Anmeldungen<\/strong><br>Anmeldungen zu Seminaren erbitten wir fr\u00fchzeitig unter Angabe der Seminarbezeichnung. Telefonische Anmeldungen m\u00fcssen immer in Schriftform per Fax oder E\u2013Mail best\u00e4tigt werden. Sie erleichtern uns die Bearbeitung der Anmeldung, wenn Sie Name und Vorname des Teilnehmers, Anschrift\/Kundennummer des Auftraggebers, Seminartitel, Kursnummer und Datum angeben. Die Teilnehmerpl\u00e4tze sind begrenzt und werden in der Reihenfolge der Anmeldungen vergeben. Die Anmeldung wird nach Eintreffen bei der Kramp Academy schriftlich best\u00e4tigt und ist dann verbindlich. Mit der Anmeldung bzw. Teilnahme an der Kramp Academy gelten die \u201eAllgemeinen Bedingungen und wichtigen Hinweise der Kramp Academy\u201c als angenommen.<\/p>\n\n\n\n<p><strong>Seminarunterlagen <\/strong><br>Die Teilnehmer erhalten w\u00e4hrend der Seminare umfangreiche Unterlagen. Alle Rechte an diesen Unterlagen oder Teilen daraus verbleiben bei der Kramp Academy bzw. bei den Dozenten. Jede Vervielf\u00e4ltigung, Weitergabe an Dritte oder sonstige Nutzung, au\u00dfer zur pers\u00f6nlichen Information, ist nur mit vorheriger schriftlicher Genehmigung der Kramp Academy erlaubt. <\/p>\n\n\n\n<p><strong>Leistungen der Kramp Academy<\/strong><br>Jeder Teilnehmer erh\u00e4lt nach Abschluss des Seminars ein Zertifikat, eine Teilnahmebescheinigung oder einen g\u00fcltigen Bef\u00e4higungsnachweis. <\/p>\n\n\n\n<p><strong>Preise<\/strong> <br>Die verbindlichen Seminarpreise entnehmen Sie bitte dem Katalog oder unserer Webseite. Die Seminare der Kramp Academy unterliegen dem z. Zt. geltenden Mehrwertsteuersatz. Der Seminarpreis ist nach Erhalt der Rechnung f\u00e4llig. Eventuell anfallende Nebenkosten des Geldverkehrs (z. B. \u00dcberweisungen aus dem Ausland) gehen zu Lasten des Auftraggebers. <\/p>\n\n\n\n<p><strong>Durchf\u00fchrung <\/strong><br>Die Kramp Academy beh\u00e4lt sich den Wechsel von Dozenten und Durchf\u00fchrungsorten sowie Termin\u00e4nderungen und \u00c4nderungen im Programmablauf vor. Seminare werden erst nach Erreichen der Mindest-Teilnehmerzahl durchgef\u00fchrt. <\/p>\n\n\n\n<p><strong>R\u00fccktritt\/Stornokosten <\/strong><br>Stornierungen m\u00fcssen schriftlich oder per Fax erfolgen. Bei R\u00fccktritt 14 bis 8 Tage vor Veranstaltungsbeginn berechnen wir 50 % der Teilnahmegeb\u00fchr und bei 7 Tagen oder weniger 75 %. Beim Fernbleiben am Seminartag ist der gesamte Seminarpreis zu zahlen. Stornokosten entfallen, wenn der Teilnehmer an einem anderen gleichwertigen Seminar bzw. Veranstaltungsort in der Schulungssaison 2019\/2020 teilnimmt oder ein Ersatzteilnehmer angemeldet wird. <\/p>\n\n\n\n<p><strong>Hotelkosten <\/strong><br>Die Hotelkosten sowie die Verpflegung au\u00dferhalb der Seminarzeiten tr\u00e4gt jeder Teilnehmer selbst. <\/p>\n\n\n\n<p><strong>Sicherheit und Versicherungsschutz <\/strong><br>Der Versicherungsschutz gegen Unfall und Krankheit ist f\u00fcr jeden Kursteilnehmer auch f\u00fcr die Dauer der Kursteilnahme durch seinen Arbeitgeber aufrecht zu erhalten. Bei allen Schulungen mit Praxisteil (technische Schulungen, Produktschulungen) sind geeignete Arbeitskleidung und Sicherheitsschuhe mitzubringen. <\/p>\n\n\n\n<p><strong>Haftung <\/strong><br>Muss eine Veranstaltung wegen zu geringer Teilnehmerzahl oder aus Gr\u00fcnden, welche die Kramp Academy zu vertreten hat, abgesagt werden, so werden lediglich bereits gezahlte Teilnahmeentgelte erstattet. Weitere Anspr\u00fcche sind ausgeschlossen.<\/p>\n\n\n\n<p><strong>Datenschutz <\/strong><br>Die Daten der angemeldeten Teilnehmer werden elektronisch erfasst und nur f\u00fcr interne Zwecke der Kramp Academy verwendet. <\/p>\n\n\n\n<p><strong>Fotoaufnahmen<\/strong> <br>Der Teilnehmer genehmigt der Kramp GmbH, Bilder, die w\u00e4hrend Schulungen der Kramp Academy aufgenommen werden und auf denen er abgebildet ist, ohne seine weitere Zustimmung f\u00fcr Werbezwecke (Print und Online) zu verwenden. Zudem verzichtet der Teilnehmer bei der Verwendung der Bilder durch die Kramp GmbH auf jegliche Honorarforderung. <\/p>\n\n\n\n<p><strong>Sonstiges <\/strong><br>Erweist sich eine Vertragsbestimmung als unwirksam, so ber\u00fchrt dies die Wirksamkeit der \u00fcbrigen Bestimmungen nicht. Es gilt deutsches Recht. Der Gerichtsstand ist Bamberg. <\/p>\n\n\n\n<p>Kramp GmbH<br>07\/2019<\/p>\n\n\n\n<p><br><\/p>\n","protected":false},"excerpt":{"rendered":"<p>AnmeldungenAnmeldungen zu Seminaren erbitten wir fr\u00fchzeitig unter Angabe der Seminarbezeichnung. Telefonische Anmeldungen m\u00fcssen immer in Schriftform per Fax oder E\u2013Mail best\u00e4tigt werden. Sie erleichtern uns die Bearbeitung der Anmeldung, wenn Sie Name und Vorname des Teilnehmers, Anschrift\/Kundennummer des Auftraggebers, Seminartitel, Kursnummer und Datum angeben. Die Teilnehmerpl\u00e4tze sind begrenzt und werden in der Reihenfolge der Anmeldungen [&hellip;]<\/p>\n","protected":false},"author":1,"featured_media":0,"parent":0,"menu_order":0,"comment_status":"closed","ping_status":"closed","template":"","meta":{"footnotes":""},"_links":{"self":[{"href":"http:\/\/www.krampacademy.org\/shop-de\/de\/wp-json\/wp\/v2\/pages\/73"}],"collection":[{"href":"http:\/\/www.krampacademy.org\/shop-de\/de\/wp-json\/wp\/v2\/pages"}],"about":[{"href":"http:\/\/www.krampacademy.org\/shop-de\/de\/wp-json\/wp\/v2\/types\/page"}],"author":[{"embeddable":true,"href":"http:\/\/www.krampacademy.org\/shop-de\/de\/wp-json\/wp\/v2\/users\/1"}],"replies":[{"embeddable":true,"href":"http:\/\/www.krampacademy.org\/shop-de\/de\/wp-json\/wp\/v2\/comments?post=73"}],"version-history":[{"count":3,"href":"http:\/\/www.krampacademy.org\/shop-de\/de\/wp-json\/wp\/v2\/pages\/73\/revisions"}],"predecessor-version":[{"id":76,"href":"http:\/\/www.krampacademy.org\/shop-de\/de\/wp-json\/wp\/v2\/pages\/73\/revisions\/76"}],"wp:attachment":[{"href":"http:\/\/www.krampacademy.org\/shop-de\/de\/wp-json\/wp\/v2\/media?parent=73"}],"curies":[{"name":"wp","href":"https:\/\/api.w.org\/{rel}","templated":true}]}}